{"id":1917,"date":"2018-04-04T10:09:03","date_gmt":"2018-04-04T08:09:03","guid":{"rendered":"https:\/\/domaine-gramenon.fr\/footer-par-defaut-en\/"},"modified":"2022-11-16T10:58:20","modified_gmt":"2022-11-16T09:58:20","slug":"footer-par-defaut-en","status":"publish","type":"page","link":"https:\/\/domaine-gramenon.fr\/en\/footer-par-defaut-en\/","title":{"rendered":"footer par d\u00e9faut EN"},"content":{"rendered":"<div class=\"wpb-content-wrapper\">[vc_row css=&#8221;.vc_custom_1522445236654{margin-top: -1px !important;}&#8221;][vc_column]<div class=\"templatera_shortcode\"><div class=\"vc_row wpb_row vc_row-fluid wpex-vc-full-width-row wpex-vc-full-width-row--no-padding wpex-relative\"><div class=\"wpb_column vc_column_container vc_col-sm-12\"><div class=\"vc_column-inner\"><div class=\"wpb_wrapper\">\n\t<div class=\"wpb_raw_code wpb_raw_html wpb_content_element\" >\n\t\t<div class=\"wpb_wrapper\">\n\t\t\t<div class=\"conteneur_triangle\"><iframe class=\"googlemap\" style=\"border: 0;\" src=\"https:\/\/www.google.com\/maps\/embed?pb=!1m18!1m12!1m3!1d19167.616213738558!2d5.018862046029765!3d44.42735276257218!2m3!1f0!2f0!3f0!3m2!1i1024!2i768!4f13.1!3m3!1m2!1s0x12b562d345a03353:0x5148f741b08ffbf5!2sDomaine+Gramenon!5e0!3m2!1sfr!2sfr!4v1513015270512\" width=\"100%\" height=\"610\" frameborder=\"0\" allowfullscreen=\"allowfullscreen\"><\/iframe><\/div>\n\t\t<\/div>\n\t<\/div>\n<\/div><\/div><\/div><\/div><\/div><div class=\"templatera_shortcode\"><style type=\"text\/css\" data-type=\"vc_shortcodes-custom-css\">.vc_custom_1512771967130{padding-left: 11% !important;background-color: #0a0a0a !important;}<\/style><div data-vc-full-width=\"true\" data-vc-full-width-init=\"false\" data-vc-stretch-content=\"true\" class=\"vc_row wpb_row vc_row-fluid vc_custom_1512771967130 vc_row-o-content-middle vc_row-flex wpex-relative wpex-vc_row-has-fill wpex-vc-row-stretched\" style=\"min-height:238px;\"><div class=\"wpb_column vc_column_container vc_col-sm-12\"><div class=\"vc_column-inner\"><div class=\"wpb_wrapper\">\n\t<div class=\"wpb_text_column wpb_content_element abus_alcool\" >\n\t\t<div class=\"wpb_wrapper\">\n\t\t\t<p>L'abus d'alcool est dangereux pour la sant\u00e9,<br \/>\n\u00e0 d\u00e9guster et consommer avec mod\u00e9ration.<\/p>\n\n\t\t<\/div>\n\t<\/div>\n<div class=\"vc_empty_space\"   style=\"height: 15px\"><span class=\"vc_empty_space_inner\"><\/span><\/div>\n\t<div class=\"wpb_text_column wpb_content_element mentions_legales\" >\n\t\t<div class=\"wpb_wrapper\">\n\t\t\t<p>\u00a9 2017 Domaine GRAMENON - <a href=\"\/?page_id=1197\">MENTIONS LEGALES<\/a><\/p>\n\n\t\t<\/div>\n\t<\/div>\n<\/div><\/div><\/div><\/div><div class=\"vc_row-full-width vc_clearfix\"><\/div><\/div>[\/vc_column][\/vc_row]\n<\/div>","protected":false},"excerpt":{"rendered":"L'abus d'alcool est dangereux pour la sant\u00e9, \u00e0 d\u00e9guster et consommer avec mod\u00e9ration. \u00a9 2017 Domaine GRAMENON - MENTIONS LEGALES","protected":false},"author":1,"featured_media":0,"parent":0,"menu_order":0,"comment_status":"closed","ping_status":"closed","template":"","meta":{"footnotes":""},"class_list":["post-1917","page","type-page","status-publish","hentry","entry","no-media"],"_links":{"self":[{"href":"https:\/\/domaine-gramenon.fr\/en\/wp-json\/wp\/v2\/pages\/1917","targetHints":{"allow":["GET"]}}],"collection":[{"href":"https:\/\/domaine-gramenon.fr\/en\/wp-json\/wp\/v2\/pages"}],"about":[{"href":"https:\/\/domaine-gramenon.fr\/en\/wp-json\/wp\/v2\/types\/page"}],"author":[{"embeddable":true,"href":"https:\/\/domaine-gramenon.fr\/en\/wp-json\/wp\/v2\/users\/1"}],"replies":[{"embeddable":true,"href":"https:\/\/domaine-gramenon.fr\/en\/wp-json\/wp\/v2\/comments?post=1917"}],"version-history":[{"count":0,"href":"https:\/\/domaine-gramenon.fr\/en\/wp-json\/wp\/v2\/pages\/1917\/revisions"}],"wp:attachment":[{"href":"https:\/\/domaine-gramenon.fr\/en\/wp-json\/wp\/v2\/media?parent=1917"}],"curies":[{"name":"wp","href":"https:\/\/api.w.org\/{rel}","templated":true}]}}