{"id":1504,"date":"2018-03-29T15:53:52","date_gmt":"2018-03-29T13:53:52","guid":{"rendered":"https:\/\/domaine-gramenon.fr\/maximes-wines\/orpiment\/"},"modified":"2026-03-09T16:59:48","modified_gmt":"2026-03-09T15:59:48","slug":"orpiment","status":"publish","type":"page","link":"https:\/\/domaine-gramenon.fr\/en\/maximes-wines\/orpiment\/","title":{"rendered":"ORPIMENT"},"content":{"rendered":"<div class=\"wpb-content-wrapper\">[vc_row css=&#8221;.vc_custom_1668591310563{padding-top: 200px !important;}&#8221;][vc_column][vc_raw_html]PGRpdiBjbGFzcz0iY29udGVuZXVyX3RpdHJlIj4NCjxkaXYgY2xhc3M9InRpdHJlLWJsZXUiPg0KPGgxPk1BWElNRSdTPGVtPsKgV0lORVM8L2VtPjwvaDE+DQo8L2Rpdj4NCjxkaXYgY2xhc3M9InNvdWxpZ25lLWJsZXUiPl9fX19fX19fX19fX19fX19fX19fPC9kaXY+DQo8L2Rpdj4=[\/vc_raw_html][\/vc_column][\/vc_row][vc_row full_width=&#8221;stretch_row_content_no_spaces&#8221; content_placement=&#8221;top&#8221; equal_height=&#8221;yes&#8221; css=&#8221;.vc_custom_1517824155194{padding-right: 5% !important;padding-left: 5% !important;}&#8221;][vc_column width=&#8221;1\/3&#8243; css=&#8221;.vc_custom_1520436551410{margin-top: 34px !important;}&#8221;][vc_single_image image=&#8221;1406&#8243; alignment=&#8221;center&#8221;][\/vc_column][vc_column width=&#8221;1\/3&#8243;][vc_row_inner css=&#8221;.vc_custom_1514583301167{padding-top: 20px !important;padding-bottom: 20px !important;}&#8221;][vc_column_inner][vc_column_text el_class=&#8221;vins_spec_nom&#8221; font_size=&#8221;36px&#8221; font_family=&#8221;Helvetica-Condensed&#8221;]\n<p style=\"text-align: left;\">ORPIMENT<\/p>\n[\/vc_column_text][\/vc_column_inner][\/vc_row_inner][vc_row_inner equal_height=&#8221;yes&#8221; el_class=&#8221;vins_rangees_descriptions&#8221;][vc_column_inner width=&#8221;1\/3&#8243;][vc_column_text el_class=&#8221;texte_bleu&#8221;]Appellation &gt;[\/vc_column_text][\/vc_column_inner][vc_column_inner width=&#8221;2\/3&#8243;][vc_column_text]Red VISAN C\u00f4tes du Rh\u00f4ne Village[\/vc_column_text][\/vc_column_inner][\/vc_row_inner][vc_row_inner equal_height=&#8221;yes&#8221; el_class=&#8221;vins_rangees_descriptions&#8221;][vc_column_inner width=&#8221;1\/3&#8243;][vc_column_text el_class=&#8221;texte_bleu&#8221;]Location &gt;[\/vc_column_text][\/vc_column_inner][vc_column_inner width=&#8221;2\/3&#8243;][vc_column_text]VISAN[\/vc_column_text][\/vc_column_inner][\/vc_row_inner][vc_row_inner equal_height=&#8221;yes&#8221; el_class=&#8221;vins_rangees_descriptions&#8221;][vc_column_inner width=&#8221;1\/3&#8243;][vc_column_text el_class=&#8221;texte_bleu&#8221;]Vineyard &gt;[\/vc_column_text][\/vc_column_inner][vc_column_inner width=&#8221;2\/3&#8243;][vc_column_text]old Grenache (70%) and Syrah (30 %) vines[\/vc_column_text][\/vc_column_inner][\/vc_row_inner][vc_row_inner equal_height=&#8221;yes&#8221; el_class=&#8221;vins_rangees_descriptions&#8221;][vc_column_inner width=&#8221;1\/3&#8243;][vc_column_text el_class=&#8221;texte_bleu&#8221;]Yield &gt;[\/vc_column_text][\/vc_column_inner][vc_column_inner width=&#8221;2\/3&#8243;][vc_column_text]30 hl\/ha.[\/vc_column_text][\/vc_column_inner][\/vc_row_inner][vc_row_inner equal_height=&#8221;yes&#8221; el_class=&#8221;vins_rangees_descriptions&#8221;][vc_column_inner width=&#8221;1\/3&#8243;][vc_column_text el_class=&#8221;texte_bleu&#8221;]Geology &gt;[\/vc_column_text][\/vc_column_inner][vc_column_inner width=&#8221;2\/3&#8243;][vc_column_text]Clay-limestone soil[\/vc_column_text][\/vc_column_inner][\/vc_row_inner][vc_row_inner equal_height=&#8221;yes&#8221; el_class=&#8221;vins_rangees_descriptions&#8221;][vc_column_inner width=&#8221;1\/3&#8243;][vc_column_text el_class=&#8221;texte_bleu&#8221;]Natural wine-making process &gt;[\/vc_column_text][\/vc_column_inner][vc_column_inner width=&#8221;2\/3&#8243;][vc_column_text]Sorted manual picking<br \/>\n15 days maceration in stainless steel vats<br \/>\nPartially de-stemmed clusters<br \/>\nFermentation with natural yeasts<br \/>\nLight addition of sulfite after malolactic fermentation, depending on vintages[\/vc_column_text][\/vc_column_inner][\/vc_row_inner][vc_row_inner equal_height=&#8221;yes&#8221; el_class=&#8221;vins_rangees_descriptions&#8221;][vc_column_inner width=&#8221;1\/3&#8243;][vc_column_text el_class=&#8221;texte_bleu&#8221;]Ageing &gt;[\/vc_column_text][\/vc_column_inner][vc_column_inner width=&#8221;2\/3&#8243;][vc_column_text]8 months barrel and demi-muid ageing[\/vc_column_text][\/vc_column_inner][\/vc_row_inner][vc_row_inner equal_height=&#8221;yes&#8221; el_class=&#8221;vins_rangees_descriptions&#8221;][vc_column_inner width=&#8221;1\/3&#8243;][vc_column_text el_class=&#8221;texte_bleu&#8221;]Bottling &gt;[\/vc_column_text][\/vc_column_inner][vc_column_inner width=&#8221;2\/3&#8243;][vc_column_text]Beginning of summer[\/vc_column_text][\/vc_column_inner][\/vc_row_inner][vc_row_inner equal_height=&#8221;yes&#8221; el_class=&#8221;vins_rangees_descriptions&#8221;][vc_column_inner width=&#8221;1\/3&#8243;][vc_column_text el_class=&#8221;texte_bleu&#8221;]Short recommendation &gt;[\/vc_column_text][\/vc_column_inner][vc_column_inner width=&#8221;2\/3&#8243;][vc_column_text]Open within 2 years and drink within 5.[\/vc_column_text][\/vc_column_inner][\/vc_row_inner][vc_row_inner equal_height=&#8221;yes&#8221; content_placement=&#8221;middle&#8221; css=&#8221;.vc_custom_1514582129520{padding-top: 80px !important;padding-bottom: 80px !important;}&#8221;][vc_column_inner][vc_column_text]<a class=\"lien_bleu\" href=\"https:\/\/domaine-gramenon.fr\/wp-content\/uploads\/2019\/04\/FT_Orpiment_EN.pdf\" target=\"_blank\" rel=\"noopener\"><span  style=\"color:67b4ca;font-size:26px;\" class=\"wpex-icon\" aria-hidden=\"true\"><svg xmlns=\"http:\/\/www.w3.org\/2000\/svg\" viewBox=\"0 0 512 512\"><path d=\"M64 464l48 0 0 48-48 0c-35.3 0-64-28.7-64-64L0 64C0 28.7 28.7 0 64 0L229.5 0c17 0 33.3 6.7 45.3 18.7l90.5 90.5c12 12 18.7 28.3 18.7 45.3L384 304l-48 0 0-144-80 0c-17.7 0-32-14.3-32-32l0-80L64 48c-8.8 0-16 7.2-16 16l0 384c0 8.8 7.2 16 16 16zM176 352l32 0c30.9 0 56 25.1 56 56s-25.1 56-56 56l-16 0 0 32c0 8.8-7.2 16-16 16s-16-7.2-16-16l0-48 0-80c0-8.8 7.2-16 16-16zm32 80c13.3 0 24-10.7 24-24s-10.7-24-24-24l-16 0 0 48 16 0zm96-80l32 0c26.5 0 48 21.5 48 48l0 64c0 26.5-21.5 48-48 48l-32 0c-8.8 0-16-7.2-16-16l0-128c0-8.8 7.2-16 16-16zm32 128c8.8 0 16-7.2 16-16l0-64c0-8.8-7.2-16-16-16l-16 0 0 96 16 0zm80-112c0-8.8 7.2-16 16-16l48 0c8.8 0 16 7.2 16 16s-7.2 16-16 16l-32 0 0 32 32 0c8.8 0 16 7.2 16 16s-7.2 16-16 16l-32 0 0 48c0 8.8-7.2 16-16 16s-16-7.2-16-16l0-64 0-64z\"\/><\/svg><\/span> Download the technical data sheet<\/a>[\/vc_column_text][\/vc_column_inner][\/vc_row_inner][\/vc_column][vc_column width=&#8221;1\/3&#8243; css=&#8221;.vc_custom_1520594188280{padding-right: 30% !important;padding-left: 20% !important;}&#8221;]<div class=\"templatera_shortcode\"><style type=\"text\/css\" data-type=\"vc_shortcodes-custom-css\">.vc_custom_1520436867143{margin-top: 50px !important;margin-bottom: 50px !important;}<\/style><div class=\"vc_row wpb_row vc_row-fluid vins_liste_bleu vc_row-o-content-top vc_row-flex wpex-relative\"><div class=\"wpb_column vc_column_container vc_col-sm-12\"><div class=\"vc_column-inner\"><div class=\"wpb_wrapper\"><nav class=\"vcex-navbar vcex-navbar--list vcex-module vins_liste_maxime\"><div class=\"vcex-navbar-inner wpex-clr\"><div class=\"vcex-navbar-list-item wpex-list-item wpex-clear\"><a href=\"https:\/\/domaine-gramenon.fr\/en\/maximes-wines\/il-fait-soif\/\" class=\"vcex-navbar-link vcex-navbar-link--1502 wpex-inline-block wpex-float-left wpex-mb-5 theme-txt-link list vins_liste_maxime_item\"><span class=\"vcex-navbar-link-text\">IL FAIT SOIF<\/span><\/a><\/div><div class=\"vcex-navbar-list-item wpex-list-item wpex-clear\"><a href=\"https:\/\/domaine-gramenon.fr\/en\/maximes-wines\/rubiconde\/\" class=\"vcex-navbar-link vcex-navbar-link--1506 wpex-inline-block wpex-float-left wpex-mb-5 theme-txt-link list vins_liste_maxime_item\"><span class=\"vcex-navbar-link-text\">RUBICONDE<\/span><\/a><\/div><div class=\"vcex-navbar-list-item wpex-list-item wpex-clear\"><a href=\"https:\/\/domaine-gramenon.fr\/en\/maximes-wines\/orpiment\/\" class=\"vcex-navbar-link vcex-navbar-link--1504 wpex-inline-block wpex-float-left wpex-mb-5 theme-txt-link list vins_liste_maxime_item\"><span class=\"vcex-navbar-link-text\">ORPIMENT<\/span><\/a><\/div><div class=\"vcex-navbar-list-item wpex-list-item wpex-clear\"><a href=\"https:\/\/domaine-gramenon.fr\/en\/maximes-wines\/pantomine\/\" class=\"vcex-navbar-link vcex-navbar-link--2943 wpex-inline-block wpex-float-left wpex-mb-5 theme-txt-link list vins_liste_maxime_item\"><span class=\"vcex-navbar-link-text\">PANTOMINE<\/span><\/a><\/div><\/div><\/nav><div class=\"vc_row wpb_row vc_inner vc_row-fluid vc_custom_1520436867143 wpex-relative\"><div class=\"wpb_column vc_column_container vc_col-sm-12\"><div class=\"vc_column-inner\"><div class=\"wpb_wrapper\">\n\t<div  class=\"wpb_single_image wpb_content_element vc_align_center wpb_content_element\">\n\t\t\n\t\t<figure class=\"wpb_wrapper vc_figure\">\n\t\t\t<div class=\"vc_single_image-wrapper   vc_box_border_grey\"><img width=\"108\" height=\"50\" src=\"https:\/\/domaine-gramenon.fr\/wp-content\/uploads\/2019\/04\/cache_AB.png\" class=\"vc_single_image-img attachment-full\" alt=\"\" title=\"cache_AB\" \/><\/div>\n\t\t<\/figure>\n\t<\/div>\n<\/div><\/div><\/div><\/div><\/div><\/div><\/div><\/div><\/div>[\/vc_column][\/vc_row][vc_row full_width=&#8221;stretch_row_content_no_spaces&#8221; min_height=&#8221;599px&#8221; css=&#8221;.vc_custom_1520605302405{background-image: url(https:\/\/domaine-gramenon.fr\/wp-content\/uploads\/2018\/03\/c_orpiment.jpg?id=929) !important;background-position: center !important;background-repeat: no-repeat !important;background-size: cover !important;}&#8221;][vc_column][\/vc_column][\/vc_row][vc_row][vc_column]<div class=\"templatera_shortcode\"><style type=\"text\/css\" data-type=\"vc_shortcodes-custom-css\">.vc_custom_1522764050514{margin-top: -1px !important;}<\/style><div class=\"vc_row wpb_row vc_row-fluid vc_custom_1522764050514 wpex-relative\"><div class=\"wpb_column vc_column_container vc_col-sm-12\"><div class=\"vc_column-inner\"><div class=\"wpb_wrapper\"><div class=\"templatera_shortcode\"><style type=\"text\/css\" data-type=\"vc_shortcodes-custom-css\">.vc_custom_1668573929860{margin-top: -1px !important;margin-right: 0px !important;margin-bottom: 0px !important;margin-left: 0px !important;border-top-width: 0px !important;border-right-width: 0px !important;border-bottom-width: 0px !important;border-left-width: 0px !important;padding-top: 0px !important;padding-right: 0px !important;padding-bottom: 0px !important;padding-left: 0px !important;}.vc_custom_1516963863496{background-image: url(https:\/\/domaine-gramenon.fr\/wp-content\/uploads\/2017\/12\/cave.jpg?id=562) !important;}.vc_custom_1668573962230{margin-top: 0px !important;margin-right: 0px !important;margin-bottom: 0px !important;margin-left: 0px !important;border-top-width: 0px !important;border-right-width: 0px !important;border-bottom-width: 0px !important;border-left-width: 0px !important;padding-top: 0px !important;padding-right: 0px !important;padding-bottom: 0px !important;padding-left: 0px !important;}.vc_custom_1668573985108{margin: 0px !important;padding: 0px !important;border: 0px initial !important;}.vc_custom_1513034107103{padding-top: 95px !important;padding-bottom: 105px !important;}.vc_custom_1513029399740{margin-right: 11% !important;margin-left: 11% !important;}.vc_custom_1516977344643{margin-right: 5% !important;}.vc_custom_1520421210596{margin-left: 5% !important;padding-top: 15px !important;}<\/style><div class=\"vc_row wpb_row vc_row-fluid vc_custom_1668573929860 wpex-relative wpex-vc_row-has-fill wpex-vc-reset-negative-margin\"><div class=\"wpb_column vc_column_container vc_col-sm-12 wpex-vc_col-has-fill\"><div class=\"vc_column-inner vc_custom_1668573962230\"><div class=\"wpb_wrapper\">\n\t<div class=\"wpb_raw_code wpb_raw_html wpb_content_element vc_custom_1668573985108\" >\n\t\t<div class=\"wpb_wrapper\">\n\t\t\t<span id=\"ancre_contact\"><\/span>\n\t\t<\/div>\n\t<\/div>\n<\/div><\/div><\/div><\/div><div class=\"vc_row wpb_row vc_row-fluid vc_custom_1516963863496 vc_row-o-equal-height vc_row-o-content-middle vc_row-flex wpex-vc-full-width-row wpex-relative wpex-vc_row-has-fill wpex-vc-reset-negative-margin\" style=\"min-height:884px;\"><div class=\"wpb_column vc_column_container vc_col-sm-12\"><div class=\"vc_column-inner vc_custom_1513034107103\"><div class=\"wpb_wrapper\">\n\t<div class=\"wpb_raw_code wpb_raw_html wpb_content_element\" >\n\t\t<div class=\"wpb_wrapper\">\n\t\t\t<div class=\"conteneur_titre\">\r\n<div class=\"titre-bleu\">\r\n<h1>CONTACT<em> ME<\/em><\/h1>\r\n<\/div>\r\n<div class=\"souligne-bleu\">__________________<\/div>\r\n<\/div>\n\t\t<\/div>\n\t<\/div>\n<div class=\"vc_empty_space\"   style=\"height: 40px\"><span class=\"vc_empty_space_inner\"><\/span><\/div><div class=\"vc_row wpb_row vc_inner vc_row-fluid vc_custom_1513029399740 wpex-relative\"><div class=\"wpb_column vc_column_container vc_col-sm-6\"><div class=\"vc_column-inner vc_custom_1516977344643\"><div class=\"wpb_wrapper\">\n<div class=\"wpcf7 no-js\" id=\"wpcf7-f1812-o1\" lang=\"fr-FR\" dir=\"ltr\" data-wpcf7-id=\"1812\">\n<div class=\"screen-reader-response\"><p role=\"status\" aria-live=\"polite\" aria-atomic=\"true\"><\/p> <ul><\/ul><\/div>\n<form action=\"\/en\/wp-json\/wp\/v2\/pages\/1504#wpcf7-f1812-o1\" method=\"post\" class=\"wpcf7-form init\" aria-label=\"Formulaire de contact\" novalidate=\"novalidate\" data-status=\"init\">\n<fieldset class=\"hidden-fields-container\"><input type=\"hidden\" name=\"_wpcf7\" value=\"1812\" \/><input type=\"hidden\" name=\"_wpcf7_version\" value=\"6.1.5\" \/><input type=\"hidden\" name=\"_wpcf7_locale\" value=\"fr_FR\" \/><input type=\"hidden\" name=\"_wpcf7_unit_tag\" value=\"wpcf7-f1812-o1\" \/><input type=\"hidden\" name=\"_wpcf7_container_post\" value=\"0\" \/><input type=\"hidden\" name=\"_wpcf7_posted_data_hash\" value=\"\" \/><input type=\"hidden\" name=\"_wpcf7_recaptcha_response\" value=\"\" \/>\n<\/fieldset>\n<div class=\"wpex-row clr\">\n\t<div class=\"span_1_of_2 col col-1 clr\">\n\t\t<p><label> Last Name<br \/>\n<span class=\"wpcf7-form-control-wrap\" data-name=\"nom\"><input size=\"40\" maxlength=\"400\" class=\"wpcf7-form-control wpcf7-text wpcf7-validates-as-required\" aria-required=\"true\" aria-invalid=\"false\" value=\"\" type=\"text\" name=\"nom\" \/><\/span> <\/label>\n\t\t<\/p>\n\t<\/div><!-- .span_1_of_2 -->\n\t<div class=\"span_1_of_2 col clr\">\n\t\t<p><label> First Name<br \/>\n<span class=\"wpcf7-form-control-wrap\" data-name=\"prenom\"><input size=\"40\" maxlength=\"400\" class=\"wpcf7-form-control wpcf7-text wpcf7-validates-as-required\" aria-required=\"true\" aria-invalid=\"false\" value=\"\" type=\"text\" name=\"prenom\" \/><\/span> <\/label>\n\t\t<\/p>\n\t<\/div><!-- .span_1_of_2 -->\n\t<div class=\"span_1_of_2 col col-1 clr\">\n\t\t<p><label> E-mail<br \/>\n<span class=\"wpcf7-form-control-wrap\" data-name=\"email\"><input size=\"40\" maxlength=\"400\" class=\"wpcf7-form-control wpcf7-email wpcf7-validates-as-required wpcf7-text wpcf7-validates-as-email\" aria-required=\"true\" aria-invalid=\"false\" value=\"\" type=\"email\" name=\"email\" \/><\/span> <\/label>\n\t\t<\/p>\n\t<\/div><!-- .span_1_of_2 -->\n\t<div class=\"span_1_of_2 col clr\">\n\t\t<p><label> Telephone<br \/>\n<span class=\"wpcf7-form-control-wrap\" data-name=\"tel\"><input size=\"40\" maxlength=\"400\" class=\"wpcf7-form-control wpcf7-tel wpcf7-validates-as-required wpcf7-text wpcf7-validates-as-tel\" aria-required=\"true\" aria-invalid=\"false\" value=\"\" type=\"tel\" name=\"tel\" \/><\/span> <\/label>\n\t\t<\/p>\n\t<\/div><!-- .span_1_of_2 -->\n<\/div><!-- .wpex-row -->\n<p><label class=\"contact_sujet\"> Subject<br \/>\n<span class=\"wpcf7-form-control-wrap\" data-name=\"sujet\"><input size=\"40\" maxlength=\"400\" class=\"wpcf7-form-control wpcf7-text wpcf7-validates-as-required\" aria-required=\"true\" aria-invalid=\"false\" value=\"\" type=\"text\" name=\"sujet\" \/><\/span> <\/label>\n<\/p>\n<p><label> Message<br \/>\n<span class=\"wpcf7-form-control-wrap\" data-name=\"message\"><textarea cols=\"40\" rows=\"10\" maxlength=\"2000\" class=\"wpcf7-form-control wpcf7-textarea wpcf7-validates-as-required\" aria-required=\"true\" aria-invalid=\"false\" name=\"message\"><\/textarea><\/span> <\/label>\n<\/p>\n<p>(ALL fields must be completed)<br \/>\n<input class=\"wpcf7-form-control wpcf7-submit has-spinner submit-bleu\" type=\"submit\" value=\"Send\" \/>\n<\/p><input type='hidden' class='wpcf7-pum' value='{\"closepopup\":false,\"closedelay\":0,\"openpopup\":false,\"openpopup_id\":0}' \/><div class=\"wpcf7-response-output\" aria-hidden=\"true\"><\/div>\n<\/form>\n<\/div>\n<\/div><\/div><\/div><div class=\"wpb_column vc_column_container vc_col-sm-6\"><div class=\"vc_column-inner vc_custom_1520421210596\"><div class=\"wpb_wrapper\">\n\t<div class=\"wpb_text_column wpb_content_element pre-footer_coordonnees-bleu\" >\n\t\t<div class=\"wpb_wrapper\">\n\t\t\t<p>SARL MAXIME-FRANCOIS LAURENT<br \/>\n625 Chemin de Gramenon<br \/>\n26770 Montbrison-sur-Lez<\/p>\n<p>T\u00e9l. +33 (0) 4 75 53 57 08<\/p>\n\n\t\t<\/div>\n\t<\/div>\n<\/div><\/div><\/div><\/div><\/div><\/div><\/div><\/div><\/div><\/div><\/div><\/div><\/div><div class=\"vc_row wpb_row vc_row-fluid wpex-relative\"><div class=\"wpb_column vc_column_container vc_col-sm-12\"><div class=\"vc_column-inner\"><div class=\"wpb_wrapper\"><div class=\"templatera_shortcode\"><div class=\"vc_row wpb_row vc_row-fluid wpex-vc-full-width-row wpex-vc-full-width-row--no-padding wpex-relative\"><div class=\"wpb_column vc_column_container vc_col-sm-12\"><div class=\"vc_column-inner\"><div class=\"wpb_wrapper\">\n\t<div class=\"wpb_raw_code wpb_raw_html wpb_content_element\" >\n\t\t<div class=\"wpb_wrapper\">\n\t\t\t<div class=\"conteneur_triangle\"><iframe class=\"googlemap\" style=\"border: 0;\" src=\"https:\/\/www.google.com\/maps\/embed?pb=!1m18!1m12!1m3!1d19167.616213738558!2d5.018862046029765!3d44.42735276257218!2m3!1f0!2f0!3f0!3m2!1i1024!2i768!4f13.1!3m3!1m2!1s0x12b562d345a03353:0x5148f741b08ffbf5!2sDomaine+Gramenon!5e0!3m2!1sfr!2sfr!4v1513015270512\" width=\"100%\" height=\"610\" frameborder=\"0\" allowfullscreen=\"allowfullscreen\"><\/iframe><\/div>\n\t\t<\/div>\n\t<\/div>\n<\/div><\/div><\/div><\/div><\/div><\/div><\/div><\/div><\/div><div class=\"vc_row wpb_row vc_row-fluid wpex-relative\"><div class=\"wpb_column vc_column_container vc_col-sm-12\"><div class=\"vc_column-inner\"><div class=\"wpb_wrapper\"><div class=\"templatera_shortcode\"><style type=\"text\/css\" data-type=\"vc_shortcodes-custom-css\">.vc_custom_1512771967130{padding-left: 11% !important;background-color: #0a0a0a !important;}<\/style><div data-vc-full-width=\"true\" data-vc-full-width-init=\"false\" data-vc-stretch-content=\"true\" class=\"vc_row wpb_row vc_row-fluid vc_custom_1512771967130 vc_row-o-content-middle vc_row-flex wpex-relative wpex-vc_row-has-fill wpex-vc-row-stretched\" style=\"min-height:238px;\"><div class=\"wpb_column vc_column_container vc_col-sm-12\"><div class=\"vc_column-inner\"><div class=\"wpb_wrapper\">\n\t<div class=\"wpb_text_column wpb_content_element abus_alcool\" >\n\t\t<div class=\"wpb_wrapper\">\n\t\t\t<p>L'abus d'alcool est dangereux pour la sant\u00e9,<br \/>\n\u00e0 d\u00e9guster et consommer avec mod\u00e9ration.<\/p>\n\n\t\t<\/div>\n\t<\/div>\n<div class=\"vc_empty_space\"   style=\"height: 15px\"><span class=\"vc_empty_space_inner\"><\/span><\/div>\n\t<div class=\"wpb_text_column wpb_content_element mentions_legales\" >\n\t\t<div class=\"wpb_wrapper\">\n\t\t\t<p>\u00a9 2017 Domaine GRAMENON - <a href=\"\/?page_id=1197\">MENTIONS LEGALES<\/a><\/p>\n\n\t\t<\/div>\n\t<\/div>\n<\/div><\/div><\/div><\/div><div class=\"vc_row-full-width vc_clearfix\"><\/div><\/div><\/div><\/div><\/div><\/div><\/div>[\/vc_column][\/vc_row]\n<\/div>","protected":false},"excerpt":{"rendered":"MAXIME'S\u00a0WINES ____________________ ORPIMENT Appellation &gt; Red VISAN C\u00f4tes du Rh\u00f4ne Village Location &gt; VISAN Vineyard &gt; old Grenache (70%) and Syrah (30 %) vines Yield &gt; 30 hl\/ha. Geology &gt; Clay-limestone soil Natural wine-making process &gt; Sorted manual picking 15 days maceration in stainless steel vats Partially de-stemmed clusters Fermentation with natural yeasts Light addition&hellip;","protected":false},"author":1,"featured_media":0,"parent":1291,"menu_order":0,"comment_status":"closed","ping_status":"closed","template":"","meta":{"footnotes":""},"class_list":["post-1504","page","type-page","status-publish","hentry","entry","no-media"],"_links":{"self":[{"href":"https:\/\/domaine-gramenon.fr\/en\/wp-json\/wp\/v2\/pages\/1504","targetHints":{"allow":["GET"]}}],"collection":[{"href":"https:\/\/domaine-gramenon.fr\/en\/wp-json\/wp\/v2\/pages"}],"about":[{"href":"https:\/\/domaine-gramenon.fr\/en\/wp-json\/wp\/v2\/types\/page"}],"author":[{"embeddable":true,"href":"https:\/\/domaine-gramenon.fr\/en\/wp-json\/wp\/v2\/users\/1"}],"replies":[{"embeddable":true,"href":"https:\/\/domaine-gramenon.fr\/en\/wp-json\/wp\/v2\/comments?post=1504"}],"version-history":[{"count":0,"href":"https:\/\/domaine-gramenon.fr\/en\/wp-json\/wp\/v2\/pages\/1504\/revisions"}],"up":[{"embeddable":true,"href":"https:\/\/domaine-gramenon.fr\/en\/wp-json\/wp\/v2\/pages\/1291"}],"wp:attachment":[{"href":"https:\/\/domaine-gramenon.fr\/en\/wp-json\/wp\/v2\/media?parent=1504"}],"curies":[{"name":"wp","href":"https:\/\/api.w.org\/{rel}","templated":true}]}}