{"id":1466,"date":"2018-03-29T15:39:01","date_gmt":"2018-03-29T13:39:01","guid":{"rendered":"https:\/\/domaine-gramenon.fr\/under-our-feet\/"},"modified":"2022-11-16T11:46:36","modified_gmt":"2022-11-16T10:46:36","slug":"under-our-feet","status":"publish","type":"page","link":"https:\/\/domaine-gramenon.fr\/en\/under-our-feet\/","title":{"rendered":"UNDER OUR FEET"},"content":{"rendered":"<div class=\"wpb-content-wrapper\">[vc_row full_width=&#8221;stretch_row_content&#8221; content_placement=&#8221;middle&#8221; min_height=&#8221;599px&#8221; css=&#8221;.vc_custom_1520581909868{padding-top: 150px !important;background-image: url(https:\/\/domaine-gramenon.fr\/wp-content\/uploads\/2018\/03\/sous_nos_pieds_image_bandeau.jpg?id=892) !important;background-position: center !important;background-repeat: no-repeat !important;background-size: cover !important;}&#8221;][vc_column][vc_column_text text_align=&#8221;center&#8221; css=&#8221;.vc_custom_1520582134311{padding-right: 12% !important;padding-left: 12% !important;}&#8221;]\n<p class=\"texte_blanc\" style=\"text-align: center;\"><em>Le Domaine Gramenon<\/em> pr\u00e9sente la particularit\u00e9 d\u2019\u00eatre implant\u00e9 sur <em>trois singularit\u00e9s g\u00e9ologiques du bassin de Valr\u00e9as<\/em>.<br \/>\n<em>Avant de les passer en revue<\/em>, pr\u00e9cisons tout d\u2019abord ce qu\u2019est le bassin de Valr\u00e9as.<br \/>\nLa r\u00e9gion dont Valr\u00e9as est au c\u0153ur et qui s\u2019\u00e9tend entre Monbrison au nord, Vaison-la-Romaine au sud, Nyons \u00e0 l\u2019est et Saint-Restitut \u00e0 l\u2019ouest, <em>est une cuvette<\/em>, remplie sur plus de 1000 m\u00e8tres d\u2019\u00e9paisseur par des roches principalement <em>sableuses ou gr\u00e9seuses<\/em>, de <em>nature siliceuses ou calcaires<\/em>\u00a0: pour cette raison, elle correspond \u00e0 <em>un bassin s\u00e9dimentaire<\/em>. Circonscrit par la montage de la Lance, la montagne de Garde grosse, le massif de S\u00e9guret, les dentelles de Montmirail et le massif d\u2019Uchaux, <em>le bassin de Valr\u00e9as<\/em> s\u2019est d\u00e9velopp\u00e9 sur la bordure occidentale des <em>Chaines subalpines<\/em>.<br \/>\nEntre 20 Ma et 6 Ma, <em>au cours du Mioc\u00e8ne<\/em>, les Cha\u00eenes subalpines se d\u00e9forment, se plissent, se cassent\u00a0; leur surrection est imm\u00e9diatement suivie de leur \u00e9rosion.<br \/>\nConnus sous le terme <em>de molasses et de safres<\/em>, les produits issus de cette \u00e9rosion, charri\u00e9s par les rivi\u00e8res et les fleuves, <em>s\u2019accumulent en p\u00e9riph\u00e9rie de l\u2019arc alpin<\/em> dans <em>une succession de cuvettes<\/em> comme le bassin molassique suisse, ceux du Dauphin\u00e9, de Valr\u00e9as, de Digne, de Carpentras\u2026 <em>\u00e0 l\u2019 origine du bassin molassique mioc\u00e8ne p\u00e9rialpin<\/em>.<\/p>\n[\/vc_column_text][\/vc_column][\/vc_row][vc_row full_width=&#8221;stretch_row_content&#8221; content_placement=&#8221;middle&#8221; equal_height=&#8221;yes&#8221; min_height=&#8221;599px&#8221;][vc_column width=&#8221;1\/2&#8243; css=&#8221;.vc_custom_1517941295066{padding-top: 50px !important;padding-right: 15% !important;padding-bottom: 50px !important;padding-left: 15% !important;}&#8221; min_height=&#8221;599px&#8221;][vc_raw_html]PGRpdiBjbGFzcz0iY29udGVuZXVyX3RpdHJlIj4NCiAgPGRpdiBjbGFzcz0idGl0cmUiPjxoMT48ZW0+R1JBTUVOT048L2VtPjwvaDE+PC9kaXY+DQogIDxkaXYgY2xhc3M9InNvdWxpZ25lIj5fX19fX19fX19fX19fX19fPC9kaXY+DQo8L2Rpdj4=[\/vc_raw_html][vc_column_text]\n<p class=\"paragraphe_noir\" style=\"text-align: center;\"><em>Gramenon<\/em> est b\u00e2ti sur <em>des gr\u00e8s siliceux et coquilliers<\/em>, faisant relief dans le paysage des safres sableux. <em>Ce banc gr\u00e9seux<\/em> correspond \u00e0 une molasse mise en place en milieu marin littoral, sous l\u2019influence des courants de mar\u00e9e vers 12 Ma. <em>Dans le d\u00e9tail<\/em>, ces gr\u00e8s sont intercal\u00e9s <em>de silts ou d\u2019argiles<\/em> se d\u00e9cantant lors des \u00e9tales entre les activit\u00e9s de flot et de jusant. <em>Cette molasse<\/em> contribue \u00e0 <em>un sous-sol massif<\/em>, tr\u00e8s diff\u00e8rent de celui sous-jacents aux safres sableux qui l\u2019encadrent.<\/p>\n[\/vc_column_text][\/vc_column][vc_column width=&#8221;1\/2&#8243; css=&#8221;.vc_custom_1520582340365{background-image: url(https:\/\/domaine-gramenon.fr\/wp-content\/uploads\/2018\/03\/coupe_gramenon.jpg?id=906) !important;background-position: center !important;background-repeat: no-repeat !important;background-size: cover !important;}&#8221; min_height=&#8221;599px&#8221;][\/vc_column][\/vc_row][vc_row full_width=&#8221;stretch_row_content&#8221; content_placement=&#8221;middle&#8221; equal_height=&#8221;yes&#8221; columns_right=&#8221;yes&#8221; min_height=&#8221;599px&#8221;][vc_column width=&#8221;1\/2&#8243; css=&#8221;.vc_custom_1517941282747{padding-top: 50px !important;padding-right: 15% !important;padding-bottom: 50px !important;padding-left: 15% !important;}&#8221; min_height=&#8221;599px&#8221;][vc_raw_html]PGRpdiBjbGFzcz0iY29udGVuZXVyX3RpdHJlIj4NCiAgPGRpdiBjbGFzcz0idGl0cmUiPjxoMT48ZW0+VkFMUkVBUzwvZW0+PC9oMT48L2Rpdj4NCiAgPGRpdiBjbGFzcz0ic291bGlnbmUiPl9fX19fX19fX19fX19fXzwvZGl2Pg0KPC9kaXY+[\/vc_raw_html][vc_column_text]\n<p class=\"paragraphe_noir\" style=\"text-align: center;\"><em>Les vignes de Valr\u00e9as<\/em> sont implant\u00e9es sur la surface sommitale du massif de Vinsobres constitu\u00e9e <em>des sables et de galets<\/em>, emball\u00e9s par <em>une gaine argilo-sableuse<\/em>. <em>Ce massif de Vinsobres<\/em> et celui <em>de Buisson<\/em>, son jumeau situ\u00e9 en rive gauche de l\u2019Aigues, <em>constituaient un m\u00eame grand glacis<\/em> \u00e9difi\u00e9 il y a 8 \u00e0 6 Ma, au d\u00e9bouch\u00e9 des pal\u00e9o-rivi\u00e8res de l\u2019Aigues et de l\u2019Ouv\u00e8ze\u00a0: <em>il s\u2019agit d\u2019un piedmont fluviatile relique<\/em>.<br \/>\nLa surface sup\u00e9rieure de ces massifs est <em>une exceptionnelle surface d\u00e9positionnelle<\/em> pr\u00e9serv\u00e9e depuis plus de 6 Ma. Des g\u00e9ographes ont montr\u00e9 que <em>la matrice initiale de ce glacis<\/em> s\u2019est r\u00e9duite de <em>pr\u00e8s de 85%<\/em> jusqu\u2019\u00e0 aujourd\u2019hui notamment <em>par dissolution<\/em> de la <em>part carbonat\u00e9e<\/em>.<\/p>\n[\/vc_column_text][\/vc_column][vc_column width=&#8221;1\/2&#8243; css=&#8221;.vc_custom_1520582360690{background-image: url(https:\/\/domaine-gramenon.fr\/wp-content\/uploads\/2018\/03\/coupe_valreas.jpg?id=907) !important;background-position: center !important;background-repeat: no-repeat !important;background-size: cover !important;}&#8221; min_height=&#8221;599px&#8221;][\/vc_column][\/vc_row][vc_row full_width=&#8221;stretch_row_content&#8221; content_placement=&#8221;middle&#8221; equal_height=&#8221;yes&#8221; min_height=&#8221;599px&#8221;][vc_column width=&#8221;1\/2&#8243; css=&#8221;.vc_custom_1517940748869{padding-top: 50px !important;padding-right: 15% !important;padding-bottom: 50px !important;padding-left: 15% !important;}&#8221; min_height=&#8221;599px&#8221;][vc_raw_html]PGRpdiBjbGFzcz0iY29udGVuZXVyX3RpdHJlIj4NCiAgPGRpdiBjbGFzcz0idGl0cmUiPjxoMT48ZW0+VklOU09CUkVTPC9lbT48L2gxPjwvZGl2Pg0KICA8ZGl2IGNsYXNzPSJzb3VsaWduZSI+X19fX19fX19fX19fX19fX188L2Rpdj4NCjwvZGl2Pg==[\/vc_raw_html][vc_column_text]\n<p class=\"paragraphe_noir\" style=\"text-align: center;\"><em>Les Papesses<\/em> sont implant\u00e9es sur des terrains allant <em>d\u2019argiles et de marnes blanch\u00e2tres<\/em> \u00e0 <em>des sables<\/em> et <em>des galets<\/em> assez voisins de ceux de Valr\u00e9as.<br \/>\n<em>Cependant<\/em> cette formation g\u00e9ologique en est distincte.<br \/>\n<em>En effet<\/em> elle est emboit\u00e9e dans <em>le massif de Vinsobres<\/em>\u00a0: il s\u2019agit <em>du comblement de la pal\u00e9oria<\/em> de l\u2019Aigues il y a 3 \u00e0 4 Ma, <em>au cours du Plioc\u00e8ne<\/em>.<\/p>\n[\/vc_column_text][\/vc_column][vc_column width=&#8221;1\/2&#8243; css=&#8221;.vc_custom_1520582374566{background-image: url(https:\/\/domaine-gramenon.fr\/wp-content\/uploads\/2018\/03\/coupe_vinsobres.jpg?id=908) !important;background-position: center !important;background-repeat: no-repeat !important;background-size: cover !important;}&#8221; min_height=&#8221;599px&#8221;][\/vc_column][\/vc_row]\n<\/div>","protected":false},"excerpt":{"rendered":"<p>[vc_row full_width=&#8221;stretch_row_content&#8221; content_placement=&#8221;middle&#8221; min_height=&#8221;599px&#8221; css=&#8221;.vc_custom_1520581909868{padding-top: 150px !important;background-image: url(https:\/\/domaine-gramenon.fr\/wp-content\/uploads\/2018\/03\/sous_nos_pieds_image_bandeau.jpg?id=892) !important;background-position: center !important;background-repeat: no-repeat !important;background-size: cover !important;}&#8221;][vc_column][vc_column_text text_align=&#8221;center&#8221; css=&#8221;.vc_custom_1520582134311{padding-right: 12% !important;padding-left: 12% !important;}&#8221;] Le Domaine Gramenon pr\u00e9sente la particularit\u00e9 d\u2019\u00eatre implant\u00e9 sur trois singularit\u00e9s g\u00e9ologiques du bassin de Valr\u00e9as. Avant de les passer en revue, pr\u00e9cisons tout d\u2019abord ce qu\u2019est le bassin de Valr\u00e9as. La r\u00e9gion dont&hellip;<\/p>\n","protected":false},"author":1,"featured_media":0,"parent":0,"menu_order":0,"comment_status":"closed","ping_status":"closed","template":"","meta":{"footnotes":""},"class_list":["post-1466","page","type-page","status-publish","hentry","entry","no-media"],"_links":{"self":[{"href":"https:\/\/domaine-gramenon.fr\/en\/wp-json\/wp\/v2\/pages\/1466","targetHints":{"allow":["GET"]}}],"collection":[{"href":"https:\/\/domaine-gramenon.fr\/en\/wp-json\/wp\/v2\/pages"}],"about":[{"href":"https:\/\/domaine-gramenon.fr\/en\/wp-json\/wp\/v2\/types\/page"}],"author":[{"embeddable":true,"href":"https:\/\/domaine-gramenon.fr\/en\/wp-json\/wp\/v2\/users\/1"}],"replies":[{"embeddable":true,"href":"https:\/\/domaine-gramenon.fr\/en\/wp-json\/wp\/v2\/comments?post=1466"}],"version-history":[{"count":0,"href":"https:\/\/domaine-gramenon.fr\/en\/wp-json\/wp\/v2\/pages\/1466\/revisions"}],"wp:attachment":[{"href":"https:\/\/domaine-gramenon.fr\/en\/wp-json\/wp\/v2\/media?parent=1466"}],"curies":[{"name":"wp","href":"https:\/\/api.w.org\/{rel}","templated":true}]}}