{"id":1294,"date":"2018-03-28T16:19:14","date_gmt":"2018-03-28T14:19:14","guid":{"rendered":"https:\/\/domaine-gramenon.fr\/micheles-paintings\/"},"modified":"2022-11-16T10:38:24","modified_gmt":"2022-11-16T09:38:24","slug":"micheles-paintings","status":"publish","type":"page","link":"https:\/\/domaine-gramenon.fr\/en\/micheles-paintings\/","title":{"rendered":"MICHELE\u2019S PAINTINGS"},"content":{"rendered":"<div class=\"wpb-content-wrapper\">[vc_row css=&#8221;.vc_custom_1668591499669{padding-top: 200px !important;}&#8221;][vc_column][vc_raw_html]PGRpdiBjbGFzcz0iY29udGVuZXVyX3RpdHJlIj4NCjxkaXYgY2xhc3M9InRpdHJlLXZlcnQiPg0KPGgxPk1JQ0hFTEXigJlTIDxlbT4gUEFJTlRJTkdTPC9lbT48L2gxPg0KPC9kaXY+DQo8ZGl2IGNsYXNzPSJzb3VsaWduZS12ZXJ0Ij5fX19fX19fX19fX19fX19fX19fX19fX19fXzwvZGl2Pg0KPC9kaXY+[\/vc_raw_html][\/vc_column][\/vc_row][vc_row][vc_column][vc_empty_space height=&#8221;30px&#8221;][\/vc_column][\/vc_row][vc_row full_width=&#8221;stretch_row_content&#8221; content_placement=&#8221;middle&#8221; min_height=&#8221;380px&#8221; css=&#8221;.vc_custom_1520584891197{background-position: center !important;background-repeat: no-repeat !important;background-size: cover !important;}&#8221;][vc_column][vc_column_text text_align=&#8221;center&#8221; css=&#8221;.vc_custom_1521641858986{padding-right: 12% !important;padding-left: 12% !important;}&#8221;]\n<p class=\"paragraphe_noir\" style=\"text-align: center;\"><em>Don\u2019t say<\/em> I am a selft-taught painter.<br \/>\n<em>Since I was young<\/em>, I have been taught to beautifuls works of art and gorgeous monuments. <em>One of my best memories as a young child<\/em> is that while sitting on my mother\u2019s knees, she would open and show me <em>an art book<\/em> to make me discover <em>marvellous works<\/em>.<br \/>\nIt is true I have been keen on arts since long ago. <em>Painting has always been part of my life.<\/em><br \/>\nMy first art exhibition took place when I was 8, with the girls of my art workshop, in the shop window at the local paint seller\u2019s store.<\/p>\n<p class=\"paragraphe_noir\" style=\"text-align: center;\">It is true I am <em>an amateur painter and I probably keep to myself<\/em>.<br \/>\n<em>My real passion<\/em> is both to observe as much as I can, then to let myself carried away by what comes from the subject and the energy it gives out.<br \/>\nThe feeling to get into material.<br \/>\n<em>My motivation<\/em> is to get into a feeling, an emotion, a sensation.<br \/>\nWipe out ego and power and let come to me shapes and colors to often tell and tell again.<br \/>\n<em>Then<\/em>, as wine tasting could offer, emotion and sharing are sometime possible&#8230; Sometimes.<\/p>\n[\/vc_column_text][\/vc_column][\/vc_row][vc_row][vc_column][vc_empty_space height=&#8221;60px&#8221;][\/vc_column][\/vc_row][vc_row full_width=&#8221;stretch_row&#8221; css=&#8221;.vc_custom_1520616347361{padding-right: 20% !important;padding-left: 20% !important;}&#8221;][vc_column width=&#8221;1\/2&#8243;][vc_basic_grid post_type=&#8221;post&#8221; max_items=&#8221;1&#8243; element_width=&#8221;12&#8243; item=&#8221;1895&#8243; grid_id=&#8221;vc_gid:1668590597975-5e343abf-ffc9-2&#8243; el_class=&#8221;post_grids_cotes_tableaux&#8221;][\/vc_column][vc_column width=&#8221;1\/2&#8243;][vc_basic_grid post_type=&#8221;post&#8221; max_items=&#8221;1&#8243; element_width=&#8221;12&#8243; item=&#8221;1894&#8243; grid_id=&#8221;vc_gid:1668590597975-88ca52cf-0792-5&#8243; el_class=&#8221;post_grids_cotes_tableaux&#8221;][\/vc_column][\/vc_row][vc_row][vc_column][vc_empty_space height=&#8221;100px&#8221;][\/vc_column][\/vc_row][vc_row full_width=&#8221;stretch_row_content_no_spaces&#8221; min_height=&#8221;599px&#8221; css=&#8221;.vc_custom_1520611268891{background-image: url(https:\/\/domaine-gramenon.fr\/wp-content\/uploads\/2018\/03\/lestoiles.jpg?id=1038) !important;}&#8221;][vc_column][\/vc_column][\/vc_row][vc_row css=&#8221;.vc_custom_1522767535868{margin-top: -1px !important;}&#8221;][vc_column]<div class=\"templatera_shortcode\"><style type=\"text\/css\" data-type=\"vc_shortcodes-custom-css\">.vc_custom_1522764050514{margin-top: -1px !important;}<\/style><div class=\"vc_row wpb_row vc_row-fluid vc_custom_1522764050514 wpex-relative\"><div class=\"wpb_column vc_column_container vc_col-sm-12\"><div class=\"vc_column-inner\"><div class=\"wpb_wrapper\"><div class=\"templatera_shortcode\"><style type=\"text\/css\" data-type=\"vc_shortcodes-custom-css\">.vc_custom_1520446945140{margin-top: 0px !important;margin-right: 0px !important;margin-bottom: 0px !important;margin-left: 0px !important;border-top-width: 0px !important;border-right-width: 0px !important;border-bottom-width: 0px !important;border-left-width: 0px !important;padding-top: 0px !important;padding-right: 0px !important;padding-bottom: 0px !important;padding-left: 0px !important;}.vc_custom_1516963863496{background-image: url(https:\/\/domaine-gramenon.fr\/wp-content\/uploads\/2017\/12\/cave.jpg?id=562) !important;}.vc_custom_1520446935323{margin-top: 0px !important;margin-right: 0px !important;margin-bottom: 0px !important;margin-left: 0px !important;border-top-width: 0px !important;border-right-width: 0px !important;border-bottom-width: 0px !important;border-left-width: 0px !important;padding-top: 0px !important;padding-right: 0px !important;padding-bottom: 0px !important;padding-left: 0px !important;}.vc_custom_1520446958817{margin-top: 0px !important;margin-right: 0px !important;margin-bottom: 0px !important;margin-left: 0px !important;border-top-width: 0px !important;border-right-width: 0px !important;border-bottom-width: 0px !important;border-left-width: 0px !important;padding-top: 0px !important;padding-right: 0px !important;padding-bottom: 0px !important;padding-left: 0px !important;}.vc_custom_1513034107103{padding-top: 95px !important;padding-bottom: 105px !important;}.vc_custom_1513029399740{margin-right: 11% !important;margin-left: 11% !important;}.vc_custom_1516977344643{margin-right: 5% !important;}.vc_custom_1520421210596{margin-left: 5% !important;padding-top: 15px !important;}<\/style><div class=\"vc_row wpb_row vc_row-fluid vc_custom_1520446945140 wpex-relative wpex-vc_row-has-fill wpex-vc-reset-negative-margin\"><div class=\"wpb_column vc_column_container vc_col-sm-12 wpex-vc_col-has-fill\"><div class=\"vc_column-inner vc_custom_1520446935323\"><div class=\"wpb_wrapper\">\n\t<div class=\"wpb_raw_code wpb_raw_html wpb_content_element vc_custom_1520446958817\" >\n\t\t<div class=\"wpb_wrapper\">\n\t\t\t<span id=\"ancre_contact\"><\/span>\n\t\t<\/div>\n\t<\/div>\n<\/div><\/div><\/div><\/div><div class=\"vc_row wpb_row vc_row-fluid vc_custom_1516963863496 vc_row-o-equal-height vc_row-o-content-middle vc_row-flex wpex-vc-full-width-row wpex-relative wpex-vc_row-has-fill wpex-vc-reset-negative-margin\" style=\"min-height:884px;\"><div class=\"wpb_column vc_column_container vc_col-sm-12\"><div class=\"vc_column-inner vc_custom_1513034107103\"><div class=\"wpb_wrapper\">\n\t<div class=\"wpb_raw_code wpb_raw_html wpb_content_element\" >\n\t\t<div class=\"wpb_wrapper\">\n\t\t\t<div class=\"conteneur_titre\">\r\n  <div class=\"titre-vert\"><h1>CONTACT<em> ME<\/em><\/h1><\/div>\r\n  <div class=\"souligne-vert\">________________<\/div>\r\n<\/div>\n\t\t<\/div>\n\t<\/div>\n<div class=\"vc_empty_space\"   style=\"height: 40px\"><span class=\"vc_empty_space_inner\"><\/span><\/div><div class=\"vc_row wpb_row vc_inner vc_row-fluid vc_custom_1513029399740 wpex-relative\"><div class=\"wpb_column vc_column_container vc_col-sm-6\"><div class=\"vc_column-inner vc_custom_1516977344643\"><div class=\"wpb_wrapper\">\n<div class=\"wpcf7 no-js\" id=\"wpcf7-f1813-o1\" lang=\"fr-FR\" dir=\"ltr\" data-wpcf7-id=\"1813\">\n<div class=\"screen-reader-response\"><p role=\"status\" aria-live=\"polite\" aria-atomic=\"true\"><\/p> <ul><\/ul><\/div>\n<form action=\"\/en\/wp-json\/wp\/v2\/pages\/1294#wpcf7-f1813-o1\" method=\"post\" class=\"wpcf7-form init\" aria-label=\"Formulaire de contact\" novalidate=\"novalidate\" data-status=\"init\">\n<fieldset class=\"hidden-fields-container\"><input type=\"hidden\" name=\"_wpcf7\" value=\"1813\" \/><input type=\"hidden\" name=\"_wpcf7_version\" value=\"6.1.5\" \/><input type=\"hidden\" name=\"_wpcf7_locale\" value=\"fr_FR\" \/><input type=\"hidden\" name=\"_wpcf7_unit_tag\" value=\"wpcf7-f1813-o1\" \/><input type=\"hidden\" name=\"_wpcf7_container_post\" value=\"0\" \/><input type=\"hidden\" name=\"_wpcf7_posted_data_hash\" value=\"\" \/><input type=\"hidden\" name=\"_wpcf7_recaptcha_response\" value=\"\" \/>\n<\/fieldset>\n<div class=\"wpex-row clr\">\n\t<div class=\"span_1_of_2 col col-1 clr\">\n\t\t<p><label> Last Name<br \/>\n<span class=\"wpcf7-form-control-wrap\" data-name=\"nom\"><input size=\"40\" maxlength=\"400\" class=\"wpcf7-form-control wpcf7-text wpcf7-validates-as-required\" aria-required=\"true\" aria-invalid=\"false\" value=\"\" type=\"text\" name=\"nom\" \/><\/span> <\/label>\n\t\t<\/p>\n\t<\/div><!-- .span_1_of_2 -->\n\t<div class=\"span_1_of_2 col clr\">\n\t\t<p><label> First Name<br \/>\n<span class=\"wpcf7-form-control-wrap\" data-name=\"prenom\"><input size=\"40\" maxlength=\"400\" class=\"wpcf7-form-control wpcf7-text wpcf7-validates-as-required\" aria-required=\"true\" aria-invalid=\"false\" value=\"\" type=\"text\" name=\"prenom\" \/><\/span> <\/label>\n\t\t<\/p>\n\t<\/div><!-- .span_1_of_2 -->\n\t<div class=\"span_1_of_2 col col-1 clr\">\n\t\t<p><label> E-mail<br \/>\n<span class=\"wpcf7-form-control-wrap\" data-name=\"email\"><input size=\"40\" maxlength=\"400\" class=\"wpcf7-form-control wpcf7-email wpcf7-validates-as-required wpcf7-text wpcf7-validates-as-email\" aria-required=\"true\" aria-invalid=\"false\" value=\"\" type=\"email\" name=\"email\" \/><\/span> <\/label>\n\t\t<\/p>\n\t<\/div><!-- .span_1_of_2 -->\n\t<div class=\"span_1_of_2 col clr\">\n\t\t<p><label> Telephone<br \/>\n<span class=\"wpcf7-form-control-wrap\" data-name=\"tel\"><input size=\"40\" maxlength=\"400\" class=\"wpcf7-form-control wpcf7-tel wpcf7-validates-as-required wpcf7-text wpcf7-validates-as-tel\" aria-required=\"true\" aria-invalid=\"false\" value=\"\" type=\"tel\" name=\"tel\" \/><\/span> <\/label>\n\t\t<\/p>\n\t<\/div><!-- .span_1_of_2 -->\n<\/div><!-- .wpex-row -->\n<p><label class=\"contact_sujet\"> Subject<br \/>\n<span class=\"wpcf7-form-control-wrap\" data-name=\"sujet\"><input size=\"40\" maxlength=\"400\" class=\"wpcf7-form-control wpcf7-text wpcf7-validates-as-required\" aria-required=\"true\" aria-invalid=\"false\" value=\"\" type=\"text\" name=\"sujet\" \/><\/span> <\/label>\n<\/p>\n<p><label> Message<br \/>\n<span class=\"wpcf7-form-control-wrap\" data-name=\"message\"><textarea cols=\"40\" rows=\"10\" maxlength=\"2000\" class=\"wpcf7-form-control wpcf7-textarea wpcf7-validates-as-required\" aria-required=\"true\" aria-invalid=\"false\" name=\"message\"><\/textarea><\/span> <\/label>\n<\/p>\n<p>(ALL fields must be completed)<br \/>\n<input class=\"wpcf7-form-control wpcf7-submit has-spinner submit-vert\" type=\"submit\" value=\"Send\" \/>\n<\/p><input type='hidden' class='wpcf7-pum' value='{\"closepopup\":false,\"closedelay\":0,\"openpopup\":false,\"openpopup_id\":0}' \/><div class=\"wpcf7-response-output\" aria-hidden=\"true\"><\/div>\n<\/form>\n<\/div>\n<\/div><\/div><\/div><div class=\"wpb_column vc_column_container vc_col-sm-6\"><div class=\"vc_column-inner vc_custom_1520421210596\"><div class=\"wpb_wrapper\">\n\t<div class=\"wpb_text_column wpb_content_element pre-footer_coordonnees-vert\" >\n\t\t<div class=\"wpb_wrapper\">\n\t\t\t<p>Mich\u00e8le AUBERY<br \/>\n625 Chemin de Gramenon<br \/>\n26770 Montbrison-sur-Lez<\/p>\n<p>T\u00e9l. +33 (0) 6 74 42 72 30<\/p>\n\n\t\t<\/div>\n\t<\/div>\n<\/div><\/div><\/div><\/div><\/div><\/div><\/div><\/div><\/div><\/div><\/div><\/div><\/div><div class=\"vc_row wpb_row vc_row-fluid wpex-relative\"><div class=\"wpb_column vc_column_container vc_col-sm-12\"><div class=\"vc_column-inner\"><div class=\"wpb_wrapper\"><div class=\"templatera_shortcode\"><style type=\"text\/css\" data-type=\"vc_shortcodes-custom-css\">.vc_custom_1512771967130{padding-left: 11% !important;background-color: #0a0a0a !important;}<\/style><div data-vc-full-width=\"true\" data-vc-full-width-init=\"false\" data-vc-stretch-content=\"true\" class=\"vc_row wpb_row vc_row-fluid vc_custom_1512771967130 vc_row-o-content-middle vc_row-flex wpex-relative wpex-vc_row-has-fill wpex-vc-row-stretched\" style=\"min-height:238px;\"><div class=\"wpb_column vc_column_container vc_col-sm-12\"><div class=\"vc_column-inner\"><div class=\"wpb_wrapper\">\n\t<div class=\"wpb_text_column wpb_content_element abus_alcool\" >\n\t\t<div class=\"wpb_wrapper\">\n\t\t\t<p>L'abus d'alcool est dangereux pour la sant\u00e9,<br \/>\n\u00e0 d\u00e9guster et consommer avec mod\u00e9ration.<\/p>\n\n\t\t<\/div>\n\t<\/div>\n<div class=\"vc_empty_space\"   style=\"height: 15px\"><span class=\"vc_empty_space_inner\"><\/span><\/div>\n\t<div class=\"wpb_text_column wpb_content_element mentions_legales\" >\n\t\t<div class=\"wpb_wrapper\">\n\t\t\t<p>\u00a9 2017 Domaine GRAMENON - <a href=\"\/?page_id=1197\">MENTIONS LEGALES<\/a><\/p>\n\n\t\t<\/div>\n\t<\/div>\n<\/div><\/div><\/div><\/div><div class=\"vc_row-full-width vc_clearfix\"><\/div><\/div><\/div><\/div><\/div><\/div><\/div>[\/vc_column][\/vc_row]\n<\/div>","protected":false},"excerpt":{"rendered":"MICHELE\u2019S PAINTINGS __________________________ Don\u2019t say I am a selft-taught painter. Since I was young, I have been taught to beautifuls works of art and gorgeous monuments. One of my best memories as a young child is that while sitting on my mother\u2019s knees, she would open and show me an art book to make me&hellip;","protected":false},"author":1,"featured_media":0,"parent":0,"menu_order":0,"comment_status":"closed","ping_status":"closed","template":"","meta":{"footnotes":""},"class_list":["post-1294","page","type-page","status-publish","hentry","entry","no-media"],"_links":{"self":[{"href":"https:\/\/domaine-gramenon.fr\/en\/wp-json\/wp\/v2\/pages\/1294","targetHints":{"allow":["GET"]}}],"collection":[{"href":"https:\/\/domaine-gramenon.fr\/en\/wp-json\/wp\/v2\/pages"}],"about":[{"href":"https:\/\/domaine-gramenon.fr\/en\/wp-json\/wp\/v2\/types\/page"}],"author":[{"embeddable":true,"href":"https:\/\/domaine-gramenon.fr\/en\/wp-json\/wp\/v2\/users\/1"}],"replies":[{"embeddable":true,"href":"https:\/\/domaine-gramenon.fr\/en\/wp-json\/wp\/v2\/comments?post=1294"}],"version-history":[{"count":0,"href":"https:\/\/domaine-gramenon.fr\/en\/wp-json\/wp\/v2\/pages\/1294\/revisions"}],"wp:attachment":[{"href":"https:\/\/domaine-gramenon.fr\/en\/wp-json\/wp\/v2\/media?parent=1294"}],"curies":[{"name":"wp","href":"https:\/\/api.w.org\/{rel}","templated":true}]}}