{"id":1291,"date":"2018-03-28T16:14:07","date_gmt":"2018-03-28T14:14:07","guid":{"rendered":"https:\/\/domaine-gramenon.fr\/maximes-wines\/"},"modified":"2026-03-09T15:19:24","modified_gmt":"2026-03-09T14:19:24","slug":"maximes-wines","status":"publish","type":"page","link":"https:\/\/domaine-gramenon.fr\/en\/maximes-wines\/","title":{"rendered":"MAXIME&#8217;S WINES"},"content":{"rendered":"<div class=\"wpb-content-wrapper\">[vc_row css=&#8221;.vc_custom_1668590366369{padding-top: 200px !important;}&#8221;][vc_column][vc_raw_html]PGRpdiBjbGFzcz0iY29udGVuZXVyX3RpdHJlIj4NCjxkaXYgY2xhc3M9InRpdHJlLWJsZXUiPg0KPGgxPk1BWElNRSdTPGVtPiBXSU5FUzwvZW0+PC9oMT4NCjwvZGl2Pjxicj48ZGl2IGNsYXNzPSJzb3VsaWduZS1ibGV1Ij5fX19fX19fX19fX19fX19fX19fXzwvZGl2Pjxicj48L2Rpdj4=[\/vc_raw_html][\/vc_column][\/vc_row][vc_row full_width=&#8221;stretch_row_content&#8221; content_placement=&#8221;middle&#8221; min_height=&#8221;380px&#8221; css=&#8221;.vc_custom_1520584891197{background-position: center !important;background-repeat: no-repeat !important;background-size: cover !important;}&#8221;][vc_column][vc_column_text css=&#8221;.vc_custom_1551263287956{padding-right: 12% !important;padding-left: 12% !important;}&#8221; text_align=&#8221;center&#8221;]\n<p class=\"paragraphe_noir\" style=\"text-align: center;\">Maxime-Fran\u00e7ois Laurent started his <em>small wine-merchant business<\/em> in 2006, in parallel with the domaine activity.<br \/>\nHis business consists in a partnership with a local winemaker whose vineyard spreads on <em>circa 6 hectares<\/em> located around the villages of Montbrison sur Lez and Valr\u00e9as.<br \/>\nThe parcels and the works in the vineyard are carried out throughout the year, and the whole vineyard is cultivated according to <em>the specifications of organic farming<\/em>.<br \/>\nThe vineyard lies on <em>clay-limestone<\/em> soils and its location give the wines definitely fruity and solar flavours.<br \/>\nOf course, <em>the picking is exclusively manual and put in crates<\/em>, clusters are sorted in the vineyard.<br \/>\nMaxime does vinify all the wines issued <em>under his label<\/em> (we only buy fresh clusters, not finished wines).<br \/>\n<em>We vinify in the most natural way<\/em> : no addition of sulfites upon vating, fermentation only with natural yeasts, no fining, no filtration, only little sulfiting after malolactic fermentation (2g\/hl).<\/p>\n[\/vc_column_text][\/vc_column][\/vc_row][vc_row][vc_column][vc_empty_space height=&#8221;60px&#8221;][\/vc_column][\/vc_row][vc_row content_placement=&#8221;middle&#8221; el_class=&#8221;carousel_bouteilles_vins_maxime_row&#8221;][vc_column el_class=&#8221;carousel_bouteilles_vins_maxime_column&#8221;]<style class=\"vcex-carousel-preload-css\">.vcex_69e92887cc29c{--wpex-carousel-gap:15px;}.vcex_69e92887cc29c{--wpex-carousel-columns:1;}.vcex_69e92887cc29c.wpex-carousel:not(.wpex-carousel--loaded) > *:not(:nth-child(1n+2)){display: flex !important;}@media only screen and (min-width: 480px) {.vcex_69e92887cc29c{--wpex-carousel-columns:2;}.vcex_69e92887cc29c.wpex-carousel:not(.wpex-carousel--loaded) > *:not(:nth-child(1n+3)){display: flex !important;}}@media only screen and (min-width: 768px) {.vcex_69e92887cc29c{--wpex-carousel-columns:3;}.vcex_69e92887cc29c.wpex-carousel:not(.wpex-carousel--loaded) > *:not(:nth-child(1n+4)){display: flex !important;}}@media only screen and (min-width: 960px) {.vcex_69e92887cc29c{--wpex-carousel-columns:4;}.vcex_69e92887cc29c.wpex-carousel:not(.wpex-carousel--loaded) > *:not(:nth-child(1n+5)){display: flex !important;}}<\/style><div class=\"vcex-image-carousel wpex-carousel wpex-carousel-images wpex-clr vcex-module owl-carousel wpex-carousel--render-onload vcex_69e92887cc29c arrwstyle-min arrwpos-center\" data-wpex-carousel=\"{&quot;autoplay&quot;:&quot;true&quot;,&quot;slideBy&quot;:1,&quot;items&quot;:4,&quot;responsive&quot;:{&quot;0&quot;:{&quot;items&quot;:&quot;1&quot;},&quot;480&quot;:{&quot;items&quot;:&quot;2&quot;},&quot;768&quot;:{&quot;items&quot;:&quot;3&quot;},&quot;960&quot;:{&quot;items&quot;:4}},&quot;smartSpeed&quot;:500,&quot;autoplayTimeout&quot;:2000}\"><div class=\"wpex-carousel-slide\"><figure class=\"wpex-carousel-entry-media entry-media wpex-relative\"><a href=\"\/maximes-wines\/il-fait-soif\/\" class=\"wpex-carousel-entry-img\"><img data-no-lazy=\"1\" class=\"wpex-align-middle skip-lazy\" src=\"https:\/\/domaine-gramenon.fr\/wp-content\/uploads\/2018\/03\/carousel-ilfaitsoif-e1520587791271-107x400.png\" alt=\"\" srcset=\"https:\/\/domaine-gramenon.fr\/wp-content\/uploads\/2018\/03\/carousel-ilfaitsoif-e1520587791271-107x400.png 107w, https:\/\/domaine-gramenon.fr\/wp-content\/uploads\/2018\/03\/carousel-ilfaitsoif-e1520587791271.png 117w\" width=\"107\" height=\"400\"><\/a><\/figure><\/div><div class=\"wpex-carousel-slide\"><figure class=\"wpex-carousel-entry-media entry-media wpex-relative\"><a href=\"\/maximes-wines\/rubiconde\/\" class=\"wpex-carousel-entry-img\"><img data-no-lazy=\"1\" class=\"wpex-align-middle skip-lazy\" src=\"https:\/\/domaine-gramenon.fr\/wp-content\/uploads\/2018\/03\/carousel-rubiconde-e1520587812555-107x400.png\" alt=\"\" srcset=\"https:\/\/domaine-gramenon.fr\/wp-content\/uploads\/2018\/03\/carousel-rubiconde-e1520587812555-107x400.png 107w, https:\/\/domaine-gramenon.fr\/wp-content\/uploads\/2018\/03\/carousel-rubiconde-e1520587812555.png 117w\" width=\"107\" height=\"400\"><\/a><\/figure><\/div><div class=\"wpex-carousel-slide\"><figure class=\"wpex-carousel-entry-media entry-media wpex-relative\"><a href=\"\/maximes-wines\/orpiment\/\" class=\"wpex-carousel-entry-img\"><img data-no-lazy=\"1\" class=\"wpex-align-middle skip-lazy\" src=\"https:\/\/domaine-gramenon.fr\/wp-content\/uploads\/2018\/03\/carousel-orpiment-e1520587847699-107x400.png\" alt=\"\" srcset=\"https:\/\/domaine-gramenon.fr\/wp-content\/uploads\/2018\/03\/carousel-orpiment-e1520587847699-107x400.png 107w, https:\/\/domaine-gramenon.fr\/wp-content\/uploads\/2018\/03\/carousel-orpiment-e1520587847699.png 117w\" width=\"107\" height=\"400\"><\/a><\/figure><\/div><div class=\"wpex-carousel-slide\"><figure class=\"wpex-carousel-entry-media entry-media wpex-relative\"><a href=\"\/maximes-wines\/pantomine\/\" class=\"wpex-carousel-entry-img\"><img data-no-lazy=\"1\" class=\"wpex-align-middle skip-lazy\" src=\"https:\/\/domaine-gramenon.fr\/wp-content\/uploads\/2020\/06\/Pantomine-1-107x400.png\" alt=\"\" srcset=\"https:\/\/domaine-gramenon.fr\/wp-content\/uploads\/2020\/06\/Pantomine-1-107x400.png 107w, https:\/\/domaine-gramenon.fr\/wp-content\/uploads\/2020\/06\/Pantomine-1-80x300.png 80w, https:\/\/domaine-gramenon.fr\/wp-content\/uploads\/2020\/06\/Pantomine-1.png 166w\" width=\"107\" height=\"400\"><\/a><\/figure><\/div><\/div>[\/vc_column][\/vc_row][vc_row][vc_column][vc_empty_space height=&#8221;60px&#8221;][\/vc_column][\/vc_row][vc_row full_width=&#8221;stretch_row_content_no_spaces&#8221; min_height=&#8221;599px&#8221; css=&#8221;.vc_custom_1520587368964{background-image: url(https:\/\/domaine-gramenon.fr\/wp-content\/uploads\/2018\/03\/c_vinsmaxime.jpg?id=927) !important;}&#8221;][vc_column][\/vc_column][\/vc_row][vc_row css=&#8221;.vc_custom_1522440725404{margin-top: -1px !important;}&#8221;][vc_column]<div class=\"templatera_shortcode\"><style type=\"text\/css\" data-type=\"vc_shortcodes-custom-css\">.vc_custom_1668573929860{margin-top: -1px !important;margin-right: 0px !important;margin-bottom: 0px !important;margin-left: 0px !important;border-top-width: 0px !important;border-right-width: 0px !important;border-bottom-width: 0px !important;border-left-width: 0px !important;padding-top: 0px !important;padding-right: 0px !important;padding-bottom: 0px !important;padding-left: 0px !important;}.vc_custom_1516963863496{background-image: url(https:\/\/domaine-gramenon.fr\/wp-content\/uploads\/2017\/12\/cave.jpg?id=562) !important;}.vc_custom_1668573962230{margin-top: 0px !important;margin-right: 0px !important;margin-bottom: 0px !important;margin-left: 0px !important;border-top-width: 0px !important;border-right-width: 0px !important;border-bottom-width: 0px !important;border-left-width: 0px !important;padding-top: 0px !important;padding-right: 0px !important;padding-bottom: 0px !important;padding-left: 0px !important;}.vc_custom_1668573985108{margin: 0px !important;padding: 0px !important;border: 0px initial !important;}.vc_custom_1513034107103{padding-top: 95px !important;padding-bottom: 105px !important;}.vc_custom_1513029399740{margin-right: 11% !important;margin-left: 11% !important;}.vc_custom_1516977344643{margin-right: 5% !important;}.vc_custom_1520421210596{margin-left: 5% !important;padding-top: 15px !important;}<\/style><div class=\"vc_row wpb_row vc_row-fluid vc_custom_1668573929860 wpex-relative wpex-vc_row-has-fill wpex-vc-reset-negative-margin\"><div class=\"wpb_column vc_column_container vc_col-sm-12 wpex-vc_col-has-fill\"><div class=\"vc_column-inner vc_custom_1668573962230\"><div class=\"wpb_wrapper\">\n\t<div class=\"wpb_raw_code wpb_raw_html wpb_content_element vc_custom_1668573985108\" >\n\t\t<div class=\"wpb_wrapper\">\n\t\t\t<span id=\"ancre_contact\"><\/span>\n\t\t<\/div>\n\t<\/div>\n<\/div><\/div><\/div><\/div><div class=\"vc_row wpb_row vc_row-fluid vc_custom_1516963863496 vc_row-o-equal-height vc_row-o-content-middle vc_row-flex wpex-vc-full-width-row wpex-relative wpex-vc_row-has-fill wpex-vc-reset-negative-margin\" style=\"min-height:884px;\"><div class=\"wpb_column vc_column_container vc_col-sm-12\"><div class=\"vc_column-inner vc_custom_1513034107103\"><div class=\"wpb_wrapper\">\n\t<div class=\"wpb_raw_code wpb_raw_html wpb_content_element\" >\n\t\t<div class=\"wpb_wrapper\">\n\t\t\t<div class=\"conteneur_titre\">\r\n<div class=\"titre-bleu\">\r\n<h1>CONTACT<em> ME<\/em><\/h1>\r\n<\/div>\r\n<div class=\"souligne-bleu\">__________________<\/div>\r\n<\/div>\n\t\t<\/div>\n\t<\/div>\n<div class=\"vc_empty_space\"   style=\"height: 40px\"><span class=\"vc_empty_space_inner\"><\/span><\/div><div class=\"vc_row wpb_row vc_inner vc_row-fluid vc_custom_1513029399740 wpex-relative\"><div class=\"wpb_column vc_column_container vc_col-sm-6\"><div class=\"vc_column-inner vc_custom_1516977344643\"><div class=\"wpb_wrapper\">\n<div class=\"wpcf7 no-js\" id=\"wpcf7-f1812-o1\" lang=\"fr-FR\" dir=\"ltr\" data-wpcf7-id=\"1812\">\n<div class=\"screen-reader-response\"><p role=\"status\" aria-live=\"polite\" aria-atomic=\"true\"><\/p> <ul><\/ul><\/div>\n<form action=\"\/en\/wp-json\/wp\/v2\/pages\/1291#wpcf7-f1812-o1\" method=\"post\" class=\"wpcf7-form init\" aria-label=\"Formulaire de contact\" novalidate=\"novalidate\" data-status=\"init\">\n<fieldset class=\"hidden-fields-container\"><input type=\"hidden\" name=\"_wpcf7\" value=\"1812\" \/><input type=\"hidden\" name=\"_wpcf7_version\" value=\"6.1.5\" \/><input type=\"hidden\" name=\"_wpcf7_locale\" value=\"fr_FR\" \/><input type=\"hidden\" name=\"_wpcf7_unit_tag\" value=\"wpcf7-f1812-o1\" \/><input type=\"hidden\" name=\"_wpcf7_container_post\" value=\"0\" \/><input type=\"hidden\" name=\"_wpcf7_posted_data_hash\" value=\"\" \/><input type=\"hidden\" name=\"_wpcf7_recaptcha_response\" value=\"\" \/>\n<\/fieldset>\n<div class=\"wpex-row clr\">\n\t<div class=\"span_1_of_2 col col-1 clr\">\n\t\t<p><label> Last Name<br \/>\n<span class=\"wpcf7-form-control-wrap\" data-name=\"nom\"><input size=\"40\" maxlength=\"400\" class=\"wpcf7-form-control wpcf7-text wpcf7-validates-as-required\" aria-required=\"true\" aria-invalid=\"false\" value=\"\" type=\"text\" name=\"nom\" \/><\/span> <\/label>\n\t\t<\/p>\n\t<\/div><!-- .span_1_of_2 -->\n\t<div class=\"span_1_of_2 col clr\">\n\t\t<p><label> First Name<br \/>\n<span class=\"wpcf7-form-control-wrap\" data-name=\"prenom\"><input size=\"40\" maxlength=\"400\" class=\"wpcf7-form-control wpcf7-text wpcf7-validates-as-required\" aria-required=\"true\" aria-invalid=\"false\" value=\"\" type=\"text\" name=\"prenom\" \/><\/span> <\/label>\n\t\t<\/p>\n\t<\/div><!-- .span_1_of_2 -->\n\t<div class=\"span_1_of_2 col col-1 clr\">\n\t\t<p><label> E-mail<br \/>\n<span class=\"wpcf7-form-control-wrap\" data-name=\"email\"><input size=\"40\" maxlength=\"400\" class=\"wpcf7-form-control wpcf7-email wpcf7-validates-as-required wpcf7-text wpcf7-validates-as-email\" aria-required=\"true\" aria-invalid=\"false\" value=\"\" type=\"email\" name=\"email\" \/><\/span> <\/label>\n\t\t<\/p>\n\t<\/div><!-- .span_1_of_2 -->\n\t<div class=\"span_1_of_2 col clr\">\n\t\t<p><label> Telephone<br \/>\n<span class=\"wpcf7-form-control-wrap\" data-name=\"tel\"><input size=\"40\" maxlength=\"400\" class=\"wpcf7-form-control wpcf7-tel wpcf7-validates-as-required wpcf7-text wpcf7-validates-as-tel\" aria-required=\"true\" aria-invalid=\"false\" value=\"\" type=\"tel\" name=\"tel\" \/><\/span> <\/label>\n\t\t<\/p>\n\t<\/div><!-- .span_1_of_2 -->\n<\/div><!-- .wpex-row -->\n<p><label class=\"contact_sujet\"> Subject<br \/>\n<span class=\"wpcf7-form-control-wrap\" data-name=\"sujet\"><input size=\"40\" maxlength=\"400\" class=\"wpcf7-form-control wpcf7-text wpcf7-validates-as-required\" aria-required=\"true\" aria-invalid=\"false\" value=\"\" type=\"text\" name=\"sujet\" \/><\/span> <\/label>\n<\/p>\n<p><label> Message<br \/>\n<span class=\"wpcf7-form-control-wrap\" data-name=\"message\"><textarea cols=\"40\" rows=\"10\" maxlength=\"2000\" class=\"wpcf7-form-control wpcf7-textarea wpcf7-validates-as-required\" aria-required=\"true\" aria-invalid=\"false\" name=\"message\"><\/textarea><\/span> <\/label>\n<\/p>\n<p>(ALL fields must be completed)<br \/>\n<input class=\"wpcf7-form-control wpcf7-submit has-spinner submit-bleu\" type=\"submit\" value=\"Send\" \/>\n<\/p><input type='hidden' class='wpcf7-pum' value='{\"closepopup\":false,\"closedelay\":0,\"openpopup\":false,\"openpopup_id\":0}' \/><div class=\"wpcf7-response-output\" aria-hidden=\"true\"><\/div>\n<\/form>\n<\/div>\n<\/div><\/div><\/div><div class=\"wpb_column vc_column_container vc_col-sm-6\"><div class=\"vc_column-inner vc_custom_1520421210596\"><div class=\"wpb_wrapper\">\n\t<div class=\"wpb_text_column wpb_content_element pre-footer_coordonnees-bleu\" >\n\t\t<div class=\"wpb_wrapper\">\n\t\t\t<p>SARL MAXIME-FRANCOIS LAURENT<br \/>\n625 Chemin de Gramenon<br \/>\n26770 Montbrison-sur-Lez<\/p>\n<p>T\u00e9l. +33 (0) 4 75 53 57 08<\/p>\n\n\t\t<\/div>\n\t<\/div>\n<\/div><\/div><\/div><\/div><\/div><\/div><\/div><\/div><\/div><div class=\"templatera_shortcode\"><div class=\"vc_row wpb_row vc_row-fluid wpex-vc-full-width-row wpex-vc-full-width-row--no-padding wpex-relative\"><div class=\"wpb_column vc_column_container vc_col-sm-12\"><div class=\"vc_column-inner\"><div class=\"wpb_wrapper\">\n\t<div class=\"wpb_raw_code wpb_raw_html wpb_content_element\" >\n\t\t<div class=\"wpb_wrapper\">\n\t\t\t<div class=\"conteneur_triangle\"><iframe class=\"googlemap\" style=\"border: 0;\" src=\"https:\/\/www.google.com\/maps\/embed?pb=!1m18!1m12!1m3!1d19167.616213738558!2d5.018862046029765!3d44.42735276257218!2m3!1f0!2f0!3f0!3m2!1i1024!2i768!4f13.1!3m3!1m2!1s0x12b562d345a03353:0x5148f741b08ffbf5!2sDomaine+Gramenon!5e0!3m2!1sfr!2sfr!4v1513015270512\" width=\"100%\" height=\"610\" frameborder=\"0\" allowfullscreen=\"allowfullscreen\"><\/iframe><\/div>\n\t\t<\/div>\n\t<\/div>\n<\/div><\/div><\/div><\/div><\/div><div class=\"templatera_shortcode\"><style type=\"text\/css\" data-type=\"vc_shortcodes-custom-css\">.vc_custom_1512771967130{padding-left: 11% !important;background-color: #0a0a0a !important;}<\/style><div data-vc-full-width=\"true\" data-vc-full-width-init=\"false\" data-vc-stretch-content=\"true\" class=\"vc_row wpb_row vc_row-fluid vc_custom_1512771967130 vc_row-o-content-middle vc_row-flex wpex-relative wpex-vc_row-has-fill wpex-vc-row-stretched\" style=\"min-height:238px;\"><div class=\"wpb_column vc_column_container vc_col-sm-12\"><div class=\"vc_column-inner\"><div class=\"wpb_wrapper\">\n\t<div class=\"wpb_text_column wpb_content_element abus_alcool\" >\n\t\t<div class=\"wpb_wrapper\">\n\t\t\t<p>L'abus d'alcool est dangereux pour la sant\u00e9,<br \/>\n\u00e0 d\u00e9guster et consommer avec mod\u00e9ration.<\/p>\n\n\t\t<\/div>\n\t<\/div>\n<div class=\"vc_empty_space\"   style=\"height: 15px\"><span class=\"vc_empty_space_inner\"><\/span><\/div>\n\t<div class=\"wpb_text_column wpb_content_element mentions_legales\" >\n\t\t<div class=\"wpb_wrapper\">\n\t\t\t<p>\u00a9 2017 Domaine GRAMENON - <a href=\"\/?page_id=1197\">MENTIONS LEGALES<\/a><\/p>\n\n\t\t<\/div>\n\t<\/div>\n<\/div><\/div><\/div><\/div><div class=\"vc_row-full-width vc_clearfix\"><\/div><\/div>[\/vc_column][\/vc_row]\n<\/div>","protected":false},"excerpt":{"rendered":"","protected":false},"author":1,"featured_media":0,"parent":0,"menu_order":0,"comment_status":"closed","ping_status":"closed","template":"","meta":{"footnotes":""},"class_list":["post-1291","page","type-page","status-publish","hentry","entry","no-media"],"_links":{"self":[{"href":"https:\/\/domaine-gramenon.fr\/en\/wp-json\/wp\/v2\/pages\/1291","targetHints":{"allow":["GET"]}}],"collection":[{"href":"https:\/\/domaine-gramenon.fr\/en\/wp-json\/wp\/v2\/pages"}],"about":[{"href":"https:\/\/domaine-gramenon.fr\/en\/wp-json\/wp\/v2\/types\/page"}],"author":[{"embeddable":true,"href":"https:\/\/domaine-gramenon.fr\/en\/wp-json\/wp\/v2\/users\/1"}],"replies":[{"embeddable":true,"href":"https:\/\/domaine-gramenon.fr\/en\/wp-json\/wp\/v2\/comments?post=1291"}],"version-history":[{"count":0,"href":"https:\/\/domaine-gramenon.fr\/en\/wp-json\/wp\/v2\/pages\/1291\/revisions"}],"wp:attachment":[{"href":"https:\/\/domaine-gramenon.fr\/en\/wp-json\/wp\/v2\/media?parent=1291"}],"curies":[{"name":"wp","href":"https:\/\/api.w.org\/{rel}","templated":true}]}}